{"id":4870,"date":"2025-12-02T15:14:03","date_gmt":"2025-12-02T15:14:03","guid":{"rendered":"https:\/\/ecosystem.tdsynnex.com\/partner-directory\/home\/"},"modified":"2026-02-24T21:35:53","modified_gmt":"2026-02-24T21:35:53","slug":"home","status":"publish","type":"page","link":"https:\/\/ecosystem.tdsynnex.com\/partner-directory\/fr-ca\/","title":{"rendered":"Home"},"content":{"rendered":"\t\t<div data-elementor-type=\"wp-page\" data-elementor-id=\"4870\" class=\"elementor elementor-4870\" data-elementor-post-type=\"page\">\n\t\t\t\t<div class=\"elementor-element elementor-element-2d82267 e-con-full e-flex e-con e-parent\" data-id=\"2d82267\" data-element_type=\"container\">\n\t\t\t\t<div class=\"elementor-element elementor-element-de39db2 elementor-widget elementor-widget-html\" data-id=\"de39db2\" data-element_type=\"widget\" data-widget_type=\"html.default\">\n\t\t\t\t\t<section class=\"pl-masthead\" aria-label=\"PartnerLINK masthead\">\n  <!-- full-bleed background -->\n  <div class=\"pl-masthead__bg\" aria-hidden=\"true\"><\/div>\n\n  <!-- constrained content area -->\n <div class=\"pl-masthead__container\">\n    <div><img decoding=\"async\" class=\"pl-masthead__art\" src=\"https:\/\/ecosystem.tdsynnex.com\/partner-directory\/wp-content\/uploads\/2025\/11\/PartnerLINK_LINK-Up_WHT.png\" alt=\"CONNEXION TD SYNNEX\" style=\"width:300px;\"><\/div>\n\n<div style=\"padding-left:10px;\"><h3 style=\"color:#fff;margin-top:30px;text-align:left;\">Allumez votre parcours :<\/h3>\n<h4 style=\"color:#fff;margin:initial;text-align:left;\">Am\u00e9liorer les connexions, maximiser l\u2019impact.<\/h4>\n<\/div>\n\n\n<\/div>\n  \n<\/section>\t\t\t\t<\/div>\n\t\t\t\t<\/div>\n\t\t<div class=\"elementor-element elementor-element-e7f8331 e-flex e-con-boxed e-con e-parent\" data-id=\"e7f8331\" data-element_type=\"container\" data-settings=\"{&quot;background_background&quot;:&quot;classic&quot;}\">\n\t\t\t\t\t<div class=\"e-con-inner\">\n\t\t<div class=\"elementor-element elementor-element-e363244 e-con-full e-flex e-con e-child\" data-id=\"e363244\" data-element_type=\"container\">\n\t\t\t\t<div class=\"elementor-element elementor-element-daf139b elementor-widget elementor-widget-image\" data-id=\"daf139b\" data-element_type=\"widget\" data-widget_type=\"image.default\">\n\t\t\t\t\t\t\t\t\t\t\t\t\t\t\t<img fetchpriority=\"high\" decoding=\"async\" width=\"485\" height=\"413\" src=\"https:\/\/ecosystem.tdsynnex.com\/partner-directory\/wp-content\/uploads\/2025\/12\/partnership.png\" class=\"attachment-large size-large wp-image-3963\" alt=\"\" \/>\t\t\t\t\t\t\t\t\t\t\t\t\t\t\t<\/div>\n\t\t\t\t<\/div>\n\t\t<div class=\"elementor-element elementor-element-3757e46 e-con-full e-flex e-con e-child\" data-id=\"3757e46\" data-element_type=\"container\">\n\t\t\t\t<div class=\"elementor-element elementor-element-9fd118d elementor-widget elementor-widget-heading\" data-id=\"9fd118d\" data-element_type=\"widget\" data-widget_type=\"heading.default\">\n\t\t\t\t\t<h1 class=\"elementor-heading-title elementor-size-default\">CONNECTEZ-VOUS pour votre succ\u00e8s.<\/h1>\t\t\t\t<\/div>\n\t\t\t\t<div class=\"elementor-element elementor-element-e327d2e elementor-widget elementor-widget-text-editor\" data-id=\"e327d2e\" data-element_type=\"widget\" data-widget_type=\"text-editor.default\">\n\t\t\t\t\t\t\t\t\t<p>En tant que membre de PartnerLINK, vous avez besoin d\u2019un chemin vers le succ\u00e8s continu qui vous donne les moyens d\u2019\u00eatre le premier sur le march\u00e9 et d\u2019obtenir des r\u00e9sultats significatifs.<br><br>LINK Up vous rejoint l\u00e0 o\u00f9 vous \u00eates, ouvrant des occasions de communiquer, de rester inform\u00e9 et de tirer parti des ressources pr\u00eates \u00e0 l\u2019emploi de PartnerLINK.<\/p>\t\t\t\t\t\t\t\t<\/div>\n\t\t\t\t<div class=\"elementor-element elementor-element-7e9a5f5 elementor-widget elementor-widget-button\" data-id=\"7e9a5f5\" data-element_type=\"widget\" data-widget_type=\"button.default\">\n\t\t\t\t\t\t\t\t\t\t<a class=\"elementor-button elementor-button-link elementor-size-sm\" href=\"https:\/\/ecosystem.tdsynnex.com\/partner-directory\/fr-ca\/get-started\/\">\n\t\t\t\t\t\t<span class=\"elementor-button-content-wrapper\">\n\t\t\t\t\t\t\t\t\t<span class=\"elementor-button-text\">COMMENCEZ<\/span>\n\t\t\t\t\t<\/span>\n\t\t\t\t\t<\/a>\n\t\t\t\t\t\t\t\t<\/div>\n\t\t\t\t<\/div>\n\t\t\t\t\t<\/div>\n\t\t\t\t<\/div>\n\t\t<div class=\"elementor-element elementor-element-938e297 e-flex e-con-boxed e-con e-parent\" data-id=\"938e297\" data-element_type=\"container\" data-settings=\"{&quot;background_background&quot;:&quot;classic&quot;}\">\n\t\t\t\t\t<div class=\"e-con-inner\">\n\t\t\t\t<div class=\"elementor-element elementor-element-cf69dd0 elementor-widget elementor-widget-html\" data-id=\"cf69dd0\" data-element_type=\"widget\" data-widget_type=\"html.default\">\n\t\t\t\t\t<section class=\"partner-link-section\">\n  <div class=\"partner-link-container\">\n    <!-- Background limited to container -->\n    <div class=\"partner-link-bg\" aria-hidden=\"true\"><\/div>\n\n    <h2>D\u00e9bloquez des opportunit\u00e9s avec LINK Up.<\/h2>\n    <p>\n  PartnerLINK offre de la valeur gr\u00e2ce \u00e0 des ressources exclusives pour les membres.<br>  Le \u00ab LIEN \u00bb lui-m\u00eame incarne comment nous soutenons la croissance des partenaires :\n    <\/p>\n\n    <div class=\"link-grid\">\n      <article class=\"link-card lead\">\n        <h3>Plomb<\/h3>\n\t\t<hr>\n        <p>Connectez-vous avec les membres et profitez des ressources ax\u00e9es sur PartnerLINK pour faire cro\u00eetre vos affaires.<\/p>\n      <\/article>\n\n      <article class=\"link-card innovate\">\n        <h3>Innovez<\/h3>\n\t\t<hr>\n        <p>Favorisez l\u2019innovation gr\u00e2ce \u00e0 des opportunit\u00e9s exclusives issues de notre catalogue de fournisseurs et de nos groupes de pairs.<\/p>\n      <\/article>\n\n      <article class=\"link-card network\">\n        <h3>R\u00e9seau<\/h3>\n\t\t<hr>\n        <p>Autonomisez les entreprises gr\u00e2ce \u00e0 la collaboration entre pairs, aux \u00e9v\u00e9nements et \u00e0 notre annuaire de partenaires.<\/p>\n      <\/article>\n\n      <article class=\"link-card knowledge\">\n        <h3>Connaissances<\/h3>\n\t\t<hr>  \n        <p>Obtenez de nouvelles perspectives lors des \u00e9v\u00e9nements LINK Up et gr\u00e2ce \u00e0 notre archive vid\u00e9o de formation informative.<\/p>\n      <\/article>\n    <\/div>\n  <\/div>\n<\/section>\t\t\t\t<\/div>\n\t\t\t\t\t<\/div>\n\t\t\t\t<\/div>\n\t\t<div class=\"elementor-element elementor-element-d8d18e7 e-flex e-con-boxed e-con e-parent\" data-id=\"d8d18e7\" data-element_type=\"container\" data-settings=\"{&quot;background_background&quot;:&quot;classic&quot;}\">\n\t\t\t\t\t<div class=\"e-con-inner\">\n\t\t<div class=\"elementor-element elementor-element-ff5c7bc e-con-full e-flex e-con e-child\" data-id=\"ff5c7bc\" data-element_type=\"container\">\n\t\t\t\t<div class=\"elementor-element elementor-element-47b687e elementor-widget elementor-widget-heading\" data-id=\"47b687e\" data-element_type=\"widget\" data-widget_type=\"heading.default\">\n\t\t\t\t\t<h2 class=\"elementor-heading-title elementor-size-default\">On est l\u00e0 pour aider\n<\/h2>\t\t\t\t<\/div>\n\t\t\t\t<\/div>\n\t\t<div class=\"elementor-element elementor-element-c16dbfe e-con-full e-flex e-con e-child\" data-id=\"c16dbfe\" data-element_type=\"container\">\n\t\t\t\t<div class=\"elementor-element elementor-element-1db2987 elementor-widget elementor-widget-image\" data-id=\"1db2987\" data-element_type=\"widget\" data-widget_type=\"image.default\">\n\t\t\t\t\t\t\t\t\t\t\t\t\t\t\t<img decoding=\"async\" width=\"141\" height=\"141\" src=\"https:\/\/ecosystem.tdsynnex.com\/partner-directory\/wp-content\/uploads\/2025\/11\/US-Flag-icon.png\" class=\"attachment-full size-full wp-image-3113\" alt=\"\" \/>\t\t\t\t\t\t\t\t\t\t\t\t\t\t\t<\/div>\n\t\t\t\t<div class=\"elementor-element elementor-element-4fb2bbe areyouamember elementor-widget elementor-widget-heading\" data-id=\"4fb2bbe\" data-element_type=\"widget\" data-widget_type=\"heading.default\">\n\t\t\t\t\t<h3 class=\"elementor-heading-title elementor-size-default\">\u00cates-vous membre am\u00e9ricain?<\/h3>\t\t\t\t<\/div>\n\t\t\t\t<div class=\"elementor-element elementor-element-e6f84e2 elementor-widget elementor-widget-text-editor\" data-id=\"e6f84e2\" data-element_type=\"widget\" data-widget_type=\"text-editor.default\">\n\t\t\t\t\t\t\t\t\t<div><p class=\"content\">Envoyez-nous vos questions ou commentaires PartnerLINK ici :<\/p><\/div><div> <\/div>\t\t\t\t\t\t\t\t<\/div>\n\t\t\t\t<div class=\"elementor-element elementor-element-9663d59 elementor-align-center elementor-widget elementor-widget-button\" data-id=\"9663d59\" data-element_type=\"widget\" data-widget_type=\"button.default\">\n\t\t\t\t\t\t\t\t\t\t<a class=\"elementor-button elementor-button-link elementor-size-sm\" href=\"mailto:PartnerLINK@tdsynnex.com\">\n\t\t\t\t\t\t<span class=\"elementor-button-content-wrapper\">\n\t\t\t\t\t\t\t\t\t<span class=\"elementor-button-text\">CONTACTEZ-NOUS (NOUS)<\/span>\n\t\t\t\t\t<\/span>\n\t\t\t\t\t<\/a>\n\t\t\t\t\t\t\t\t<\/div>\n\t\t\t\t<\/div>\n\t\t<div class=\"elementor-element elementor-element-d9e51d8 e-con-full e-flex e-con e-child\" data-id=\"d9e51d8\" data-element_type=\"container\">\n\t\t\t\t<div class=\"elementor-element elementor-element-c46558e elementor-widget elementor-widget-image\" data-id=\"c46558e\" data-element_type=\"widget\" data-widget_type=\"image.default\">\n\t\t\t\t\t\t\t\t\t\t\t\t\t\t\t<img decoding=\"async\" width=\"141\" height=\"141\" src=\"https:\/\/ecosystem.tdsynnex.com\/partner-directory\/wp-content\/uploads\/2025\/11\/Canada-Flag-icon.png\" class=\"attachment-full size-full wp-image-3114\" alt=\"\" \/>\t\t\t\t\t\t\t\t\t\t\t\t\t\t\t<\/div>\n\t\t\t\t<div class=\"elementor-element elementor-element-c9b8500 areyouamember elementor-widget elementor-widget-heading\" data-id=\"c9b8500\" data-element_type=\"widget\" data-widget_type=\"heading.default\">\n\t\t\t\t\t<h3 class=\"elementor-heading-title elementor-size-default\">\u00cates-vous membre canadien?<\/h3>\t\t\t\t<\/div>\n\t\t\t\t<div class=\"elementor-element elementor-element-9f2f8c1 elementor-widget elementor-widget-text-editor\" data-id=\"9f2f8c1\" data-element_type=\"widget\" data-widget_type=\"text-editor.default\">\n\t\t\t\t\t\t\t\t\t<div><p class=\"content\">Envoyez-nous vos questions ou commentaires PartnerLINK ici :<\/p><\/div><div> <\/div>\t\t\t\t\t\t\t\t<\/div>\n\t\t\t\t<div class=\"elementor-element elementor-element-e054bb9 elementor-align-center elementor-widget elementor-widget-button\" data-id=\"e054bb9\" data-element_type=\"widget\" data-widget_type=\"button.default\">\n\t\t\t\t\t\t\t\t\t\t<a class=\"elementor-button elementor-button-link elementor-size-sm\" href=\"mailto:PartnerLINKCA@tdsynnex.com\">\n\t\t\t\t\t\t<span class=\"elementor-button-content-wrapper\">\n\t\t\t\t\t\t\t\t\t<span class=\"elementor-button-text\">CONTACTEZ-NOUS (CA)<\/span>\n\t\t\t\t\t<\/span>\n\t\t\t\t\t<\/a>\n\t\t\t\t\t\t\t\t<\/div>\n\t\t\t\t<\/div>\n\t\t\t\t\t<\/div>\n\t\t\t\t<\/div>\n\t\t<div class=\"elementor-element elementor-element-4081815 e-flex e-con-boxed e-con e-parent\" data-id=\"4081815\" data-element_type=\"container\" data-settings=\"{&quot;background_background&quot;:&quot;classic&quot;}\">\n\t\t\t\t\t<div class=\"e-con-inner\">\n\t\t\t\t<div class=\"elementor-element elementor-element-e8e65cb elementor-widget elementor-widget-spacer\" data-id=\"e8e65cb\" data-element_type=\"widget\" data-widget_type=\"spacer.default\">\n\t\t\t\t\t\t\t<div class=\"elementor-spacer\">\n\t\t\t<div class=\"elementor-spacer-inner\"><\/div>\n\t\t<\/div>\n\t\t\t\t\t\t<\/div>\n\t\t\t\t\t<\/div>\n\t\t\t\t<\/div>\n\t\t\t\t<\/div>\n\t\t","protected":false},"excerpt":{"rendered":"Allumez votre parcours : Am\u00e9liorer les connexions, maximiser l\u2019impact. CONNECTEZ-VOUS pour votre succ\u00e8s. En tant que membre de PartnerLINK, vous avez besoin d\u2019un chemin vers le succ\u00e8s continu qui vous [&hellip;]","protected":false},"author":610,"featured_media":0,"parent":0,"menu_order":0,"comment_status":"closed","ping_status":"closed","template":"","meta":{"_acf_changed":false,"om_disable_all_campaigns":false,"_uf_show_specific_survey":0,"_uf_disable_surveys":false,"_themeisle_gutenberg_block_has_review":false,"footnotes":""},"class_list":["post-4870","page","type-page","status-publish","hentry"],"acf":[],"aioseo_notices":[],"_links":{"self":[{"href":"https:\/\/ecosystem.tdsynnex.com\/partner-directory\/fr-ca\/wp-json\/wp\/v2\/pages\/4870","targetHints":{"allow":["GET"]}}],"collection":[{"href":"https:\/\/ecosystem.tdsynnex.com\/partner-directory\/fr-ca\/wp-json\/wp\/v2\/pages"}],"about":[{"href":"https:\/\/ecosystem.tdsynnex.com\/partner-directory\/fr-ca\/wp-json\/wp\/v2\/types\/page"}],"author":[{"embeddable":true,"href":"https:\/\/ecosystem.tdsynnex.com\/partner-directory\/fr-ca\/wp-json\/wp\/v2\/users\/610"}],"replies":[{"embeddable":true,"href":"https:\/\/ecosystem.tdsynnex.com\/partner-directory\/fr-ca\/wp-json\/wp\/v2\/comments?post=4870"}],"version-history":[{"count":4,"href":"https:\/\/ecosystem.tdsynnex.com\/partner-directory\/fr-ca\/wp-json\/wp\/v2\/pages\/4870\/revisions"}],"predecessor-version":[{"id":4978,"href":"https:\/\/ecosystem.tdsynnex.com\/partner-directory\/fr-ca\/wp-json\/wp\/v2\/pages\/4870\/revisions\/4978"}],"wp:attachment":[{"href":"https:\/\/ecosystem.tdsynnex.com\/partner-directory\/fr-ca\/wp-json\/wp\/v2\/media?parent=4870"}],"curies":[{"name":"wp","href":"https:\/\/api.w.org\/{rel}","templated":true}]}}